{"id":8,"date":"2015-09-04T15:29:57","date_gmt":"2015-09-04T14:29:57","guid":{"rendered":"http:\/\/www.interzich.com\/?page_id=8"},"modified":"2018-06-27T16:34:41","modified_gmt":"2018-06-27T15:34:41","slug":"contacts","status":"publish","type":"page","link":"https:\/\/www.interzich.com\/en\/contacts\/","title":{"rendered":"Contacts"},"content":{"rendered":"<p><iframe loading=\"lazy\" style=\"border: 0;\" src=\"https:\/\/www.google.com\/maps\/embed?pb=!1m18!1m12!1m3!1d2561.3725166229856!2d15.726185015717304!3d50.0605848794234!2m3!1f0!2f0!3f0!3m2!1i1024!2i768!4f13.1!3m3!1m2!1s0x470c3321523cec5f%3A0x8e3f1fd579a4c360!2sInterzich+s.r.o.!5e0!3m2!1scs!2scz!4v1513023755959\" width=\"1600\" height=\"600\" frameborder=\"0\" allowfullscreen=\"allowfullscreen\"><\/iframe><\/p>\n<p>&nbsp;<\/p>\n<h2>Interzich s.r.o.<\/h2>\n<p>Phone: +420 728 003 522<br \/>\nE-Mail: info@interzich.com<\/p>\n<p>Semt\u00edn 77<br \/>\n533 53 Pardubice<br \/>\nCzech Republic<\/p>\n<p>Organization ID No.: 29193737<\/p>\n<p>Bank account No. CZK: 2900853331\/2010<br \/>\nBank account No. EUR: 2500853359\/2010<\/p>\n<h2>How to get here?<\/h2>\n<h3>By car<\/h3>\n<p>From Prague or Hradec Kr\u00e1lov\u00e9 use road <strong>I\/37<\/strong>. Immediately after entering Pardubice take slip road to <strong>I\/36<\/strong> in direction L\u00e1zn\u011b Bohdane\u010d. You will reach you destination after 1,5 km near trolley \/ bus stop <strong>Semt\u00edn, Hlavn\u00ed br\u00e1na<\/strong>.<\/p>\n<h3>By rail<\/h3>\n<p>Using railway to reach Pardubice is very easy. Pardubice main station is situated on the most frequently used rail track in Czech Republic.<\/p>\n<h3>By public transport<\/h3>\n<p>You arrived by train to Pardubice main station. Now its time to switch to public transport. You can use trolleybus no. <strong>3<\/strong> and <strong>33<\/strong> or bus no. <strong>18<\/strong>. You target destination is trolley \/ bus stop <strong>Semt\u00edn, Hlavn\u00ed br\u00e1na<\/strong>.<\/p>\n","protected":false},"excerpt":{"rendered":"<p>&nbsp; Interzich s.r.o. Phone: +420 728 003 522 E-Mail: info@interzich.com Semt\u00edn 77 533 53 Pardubice Czech Republic Organization ID No.: 29193737 Bank account No. CZK: 2900853331\/2010 Bank account No. EUR: 2500853359\/2010 How to get here? By car From Prague or Hradec Kr\u00e1lov\u00e9 use road I\/37. Immediately after entering Pardubice take &hellip;<\/p>\n","protected":false},"author":1,"featured_media":0,"parent":0,"menu_order":0,"comment_status":"closed","ping_status":"closed","template":"","meta":{"_locale":"en_US","_original_post":"8","footnotes":""},"class_list":["post-8","page","type-page","status-publish","hentry","en-US"],"aioseo_notices":[],"_links":{"self":[{"href":"https:\/\/www.interzich.com\/wp-json\/wp\/v2\/pages\/8","targetHints":{"allow":["GET"]}}],"collection":[{"href":"https:\/\/www.interzich.com\/wp-json\/wp\/v2\/pages"}],"about":[{"href":"https:\/\/www.interzich.com\/wp-json\/wp\/v2\/types\/page"}],"author":[{"embeddable":true,"href":"https:\/\/www.interzich.com\/wp-json\/wp\/v2\/users\/1"}],"replies":[{"embeddable":true,"href":"https:\/\/www.interzich.com\/wp-json\/wp\/v2\/comments?post=8"}],"version-history":[{"count":0,"href":"https:\/\/www.interzich.com\/wp-json\/wp\/v2\/pages\/8\/revisions"}],"wp:attachment":[{"href":"https:\/\/www.interzich.com\/wp-json\/wp\/v2\/media?parent=8"}],"curies":[{"name":"wp","href":"https:\/\/api.w.org\/{rel}","templated":true}]}}